{"id":650,"date":"2022-05-10T07:48:44","date_gmt":"2022-05-10T07:48:44","guid":{"rendered":"https:\/\/demosites.royal-elementor-addons.com\/pet-care-v1\/?page_id=8"},"modified":"2025-08-30T16:41:30","modified_gmt":"2025-08-30T16:41:30","slug":"home-pet-care-v1","status":"publish","type":"page","link":"https:\/\/onlinetitkar.hu\/","title":{"rendered":"Home"},"content":{"rendered":"<h2>Az apr\u00f3 l\u00e9p\u00e9sek hozz\u00e1k <br \/>meg a nagy v\u00e1ltoz\u00e1sokat.<\/h2>\n<h2>\u00dcdv\u00f6zl\u00f6m az Online Titk\u00e1r weboldal\u00e1n!<\/h2>\n<p>V\u00e1llalkoz\u00f3k\u00e9nt vagy mag\u00e1nemberk\u00e9nt ha t\u00e1mogat\u00e1sra van sz\u00fcks\u00e9ge a mindennapi feladatokban, akkor itt a helye!<\/p>\n<p>C\u00e9lom, hogy k\u00f6nnyebb\u00e9 tegyem az \u00e9let\u00e9t, \u00e9s seg\u00edtsek optimaliz\u00e1lni az idej\u00e9t, hogy t\u00f6bb energi\u00e1ja \u00e9s er\u0151forr\u00e1sa maradjon arra, amit igaz\u00e1n fontosnak tart.<\/p>\n<p>\t\t\t\t\t<a href=\"https:\/index.php\/reviews\/\"><br \/>\n\t\t\t\t\t\t\t\t\tIgen, erre van sz\u00fcks\u00e9gem<br \/>\n\t\t\t\t\t<\/a><br \/>\n\t\t\t\t\t\t\t\t\t\t\t\t\t\t\t<img loading=\"lazy\" decoding=\"async\" width=\"250\" height=\"250\" src=\"http:\/\/onlinetitkar.hu\/wp-content\/uploads\/2025\/08\/Untitled-design-2.png\" alt=\"\" srcset=\"https:\/\/onlinetitkar.hu\/wp-content\/uploads\/2025\/08\/Untitled-design-2.png 250w, https:\/\/onlinetitkar.hu\/wp-content\/uploads\/2025\/08\/Untitled-design-2-150x150.png 150w\" sizes=\"auto, (max-width: 250px) 100vw, 250px\" \/>\t\t\t\t\t\t\t\t\t\t\t\t\t\t\t<\/p>\n<h2>Szil\u00e1gyi T\u00edmea Virtu\u00e1lis Asszisztens<\/h2>\n<p>Az ELTE T\u00e1rsadalomtudom\u00e1nyi Kar\u00e1n v\u00e9geztem, t\u00f6bb mint 20 \u00e9ves tapasztalattal rendelkezem az adminisztr\u00e1ci\u00f3 \u00e9s szervez\u00e9s ter\u00fclet\u00e9n, amelyek sor\u00e1n sz\u00e1mos \u00f6sszetett folyamatot ir\u00e1ny\u00edtottam \u00e9s optimaliz\u00e1ltam. Kor\u00e1bbi munk\u00e1im sor\u00e1n 13 \u00e9vet dolgoztam vezet\u0151k\u00e9nt, amely er\u0151s alapokat biztos\u00edtott a precizit\u00e1s, rendszerszeml\u00e9let \u00e9s hat\u00e9kony kommunik\u00e1ci\u00f3 ter\u00e9n. K\u00f6zel n\u00e9gy \u00e9vet t\u00f6lt\u00f6ttem projektkoordin\u00e1tork\u00e9nt, ahol komplex feladatok megold\u00e1s\u00e1ban vettem r\u00e9szt.<\/p>\n<p>Az \u00e9vek alatt szerzett tapasztalataimat \u00f6sszegy\u00farva alap\u00edtottam meg v\u00e1llalkoz\u00e1somat \u00e9s kezdtem el virtu\u00e1lis asszisztensk\u00e9nt dolgozni. C\u00e9lom, hogy munk\u00e1m r\u00e9v\u00e9n \u00fcgyfeleim a fontos dolgokra tudjanak f\u00f3kusz\u00e1lni, mik\u00f6zben minden h\u00e1tt\u00e9rfeladat z\u00f6kken\u0151mentesen zajlik.<\/p>\n<h2>Mi\u00e9rt \u00e9rdemes engem v\u00e1lasztania?<\/h2>\n<h2>Rugalmas \u00e9s szem\u00e9lyre szabott szolg\u00e1ltat\u00e1sok:<\/h2>\n<p align=\"justify\">Meg\u00e9rtem, hogy minden \u00fcgyf\u00e9l m\u00e1s ig\u00e9nyekkel rendelkezik. Igyekszem rugalmasan alkalmazkodni a sz\u00fcks\u00e9gleteihez, \u00e9s ehhez szem\u00e9lyre szabott megold\u00e1sokat k\u00edn\u00e1lni.<\/p>\n<h2>Tapasztalat \u00e9s megb\u00edzhat\u00f3s\u00e1g: <\/h2>\n<p align=\"justify\">Megb\u00edzhat\u00f3s\u00e1gom \u00e9s tapasztalatom garant\u00e1lja, hogy a feladatokat a lehet\u0151 legjobb tud\u00e1som szerint, hat\u00e9konyan oldom meg.<\/p>\n<p>\t\t\t\t\t\t\t\t\t\t\t\t\t\t\t<img loading=\"lazy\" decoding=\"async\" width=\"500\" height=\"500\" src=\"http:\/\/onlinetitkar.hu\/wp-content\/uploads\/2022\/05\/Web-Work-2.png\" alt=\"Virtu\u00e1lis Asszisztens\" \/>\t\t\t\t\t\t\t\t\t\t\t\t\t\t\t<\/p>\n<h2>Sz\u00e9lesk\u00f6r\u0171 szolg\u00e1ltat\u00e1sok:<\/h2>\n<p align=\"justify\">Legyen sz\u00f3 adminisztrat\u00edv munk\u00e1r\u00f3l, \u00fctemez\u00e9sr\u0151l, kommunik\u00e1ci\u00f3r\u00f3l vagy ak\u00e1r projekt munk\u00e1r\u00f3l, mindenben seg\u00edtek.<\/p>\n<h2>K\u00f6lts\u00e9ghat\u00e9kony megold\u00e1sok: <\/h2>\n<p align=\"justify\">Kiz\u00e1r\u00f3lag csak annyi p\u00e9nzt k\u00f6lt, amennyit a feladat t\u00e9nylegesen ig\u00e9nyel. Nincsenek rejtett k\u00f6lts\u00e9gek,\u00a0 \u00e9s j\u00e1rul\u00e9kfizet\u00e9si k\u00f6telezetts\u00e9g.<\/p>\n<p align=\"justify\">Ne engedje, hogy a napi rutin feladatok elterelj\u00e9k a figyelm\u00e9t a fontos dolgokr\u00f3l. Szabad\u00edtson fel \u00d6nmaga sz\u00e1m\u00e1ra \u00e9rt\u00e9kes id\u0151t azzal, hogy kiszervezi az id\u0151ig\u00e9nyes \u00e9s unalmas feladatok nagy r\u00e9sz\u00e9t. L\u00e9pjen velem kapcsolatba m\u00e9g ma, \u00e9s fedezze fel, hogyan tudunk egy\u00fctt dolgozni!<\/p>\n<p>\t\t\t\t\t<a href=\"https:\/index.php\/reviews\/\"><br \/>\n\t\t\t\t\t\t\t\t\tSzeretn\u00e9m az ingyenes konzult\u00e1ci\u00f3t<br \/>\n\t\t\t\t\t<\/a><\/p>\n<h2>Szolg\u00e1ltat\u00e1sok<\/h2>\n<h2>Adminisztr\u00e1ci\u00f3:<\/h2>\n<ul>\n<li>\u00c1raj\u00e1nlatok bek\u00e9r\u00e9se, elk\u00e9sz\u00edt\u00e9se, ki\u00e9rt\u00e9kel\u00e9se<\/li>\n<li>Kapcsolattart\u00e1s k\u00f6nyvel\u0151vel, k\u00f6nyvel\u00e9si anyag el\u0151k\u00e9sz\u00edt\u00e9se<\/li>\n<li>Sz\u00e1ml\u00e1z\u00e1s, p\u00e9nz\u00fcgyi tranzakci\u00f3k nyomon k\u00f6vet\u00e9se <\/li>\n<li>Nyilv\u00e1ntart\u00e1sok, adatb\u00e1zisok kezel\u00e9se<\/li>\n<li>Jegyz\u0151k\u00f6nyv k\u00e9sz\u00edt\u00e9s<\/li>\n<li>Ig\u00e9ny eset\u00e9n adminisztr\u00e1ci\u00f3s folyamatok kialak\u00edt\u00e1sa, finomhangol\u00e1sa<\/li>\n<\/ul>\n<h2>Asszisztencia:<\/h2>\n<ul>\n<li>E-mailek, napt\u00e1r kezel\u00e9se<\/li>\n<li>Szem\u00e9lyes \u00fcgyek int\u00e9z\u00e9se online<\/li>\n<li>Sz\u00f6veges dokumentumok l\u00e9trehoz\u00e1sa, szerkeszt\u00e9se<\/li>\n<li>Szerz\u0151d\u00e9sek kezel\u00e9se<\/li>\n<li>Telefonos kapcsolattart\u00e1s<\/li>\n<li>\u00dczleti levelez\u00e9s, kapcsolattart\u00e1s \u00fczleti partnerekkel, hivatali szervekkel<\/li>\n<\/ul>\n<h2>Egy\u00e9b:<\/h2>\n<ul>\n<li>Projekt koordin\u00e1ci\u00f3, adminisztr\u00e1ci\u00f3<\/li>\n<li>Shopify, WordPress weboldalak kezel\u00e9se<\/li>\n<li>Megrendel\u00e9sek kezel\u00e9se, felad\u00e1sa<\/li>\n<li>Rakt\u00e1rk\u00e9szlet figyel\u00e9s, kapcsolattart\u00e1s besz\u00e1ll\u00edt\u00f3kkal<\/li>\n<li>Log\u00f3, n\u00e9vjegyk\u00e1rtya tervez\u00e9s<\/li>\n<li>Aj\u00e1nd\u00e9kutalv\u00e1ny, oklev\u00e9l tervez\u00e9s<\/li>\n<li>Ballag\u00e1si, sz\u00fclet\u00e9snapi megh\u00edv\u00f3k tervez\u00e9s\u00a0<\/li>\n<\/ul>\n<h2>Hogyan tov\u00e1bb?<\/h2>\n<ul>\n<li>\n\t\t\t\t\t\t\t<svg aria-hidden=\"true\" viewBox=\"0 0 512 512\" xmlns=\"http:\/\/www.w3.org\/2000\/svg\"><path d=\"M173.898 439.404l-166.4-166.4c-9.997-9.997-9.997-26.206 0-36.204l36.203-36.204c9.997-9.998 26.207-9.998 36.204 0L192 312.69 432.095 72.596c9.997-9.997 26.207-9.997 36.204 0l36.203 36.204c9.997 9.997 9.997 26.206 0 36.204l-294.4 294.401c-9.998 9.997-26.207 9.997-36.204-.001z\"><\/path><\/svg><br \/>\n\t\t\t\t\t\t\t\t\t\tAz els\u0151 konzult\u00e1ci\u00f3 d\u00edjmentes, amikor \u00e1tbesz\u00e9lj\u00fck, hogy v\u00e1llalkoz\u00e1s\u00e1nak vagy \u00d6nnek, mint mag\u00e1nembernek mire van legink\u00e1bb sz\u00fcks\u00e9ge. Ezen feladatok k\u00f6z\u00fcl pedig megn\u00e9zz\u00fck, hogy melyek azok, amiket mint k\u00fcls\u0151s partner el tudok v\u00e9gezni.\n\t\t\t\t\t\t\t\t\t<\/li>\n<li>\n\t\t\t\t\t\t\t<svg aria-hidden=\"true\" viewBox=\"0 0 512 512\" xmlns=\"http:\/\/www.w3.org\/2000\/svg\"><path d=\"M173.898 439.404l-166.4-166.4c-9.997-9.997-9.997-26.206 0-36.204l36.203-36.204c9.997-9.998 26.207-9.998 36.204 0L192 312.69 432.095 72.596c9.997-9.997 26.207-9.997 36.204 0l36.203 36.204c9.997 9.997 9.997 26.206 0 36.204l-294.4 294.401c-9.998 9.997-26.207 9.997-36.204-.001z\"><\/path><\/svg><br \/>\n\t\t\t\t\t\t\t\t\t\tAmennyiben mindkett\u0151nk r\u00e9sz\u00e9r\u0151l megvan a k\u00f6lcs\u00f6n\u00f6s szimp\u00e1tia, akkor a megbesz\u00e9lt feladatok alapj\u00e1n \u00e1raj\u00e1nlatot k\u00fcld\u00f6k \u00d6nnek. Elfogad\u00e1st k\u00f6vet\u0151en pedig elk\u00e9sz\u00edtem a megb\u00edz\u00e1s szerz\u0151d\u00e9s tervezet\u00e9t, r\u00f6gz\u00edtve benne a megbesz\u00e9lt feladatokat, a megb\u00edz\u00e1si d\u00edjat, hat\u00e1rid\u0151ket stb.\n\t\t\t\t\t\t\t\t\t<\/li>\n<li>\n\t\t\t\t\t\t\t<svg aria-hidden=\"true\" viewBox=\"0 0 512 512\" xmlns=\"http:\/\/www.w3.org\/2000\/svg\"><path d=\"M173.898 439.404l-166.4-166.4c-9.997-9.997-9.997-26.206 0-36.204l36.203-36.204c9.997-9.998 26.207-9.998 36.204 0L192 312.69 432.095 72.596c9.997-9.997 26.207-9.997 36.204 0l36.203 36.204c9.997 9.997 9.997 26.206 0 36.204l-294.4 294.401c-9.998 9.997-26.207 9.997-36.204-.001z\"><\/path><\/svg><br \/>\n\t\t\t\t\t\t\t\t\t\tA szerz\u0151d\u00e9s al\u00e1\u00edr\u00e1s\u00e1t k\u00f6vet\u0151en megkezd\u0151dik a k\u00f6z\u00f6s munka.\n\t\t\t\t\t\t\t\t\t<\/li>\n<\/ul>\n<p>\t\t<a data-text=\"Go\" href=\"https:\/index.php\/reviews\/\"><br \/>\n\t\t\t\t\t\t\t\t\tAj\u00e1nlatk\u00e9r\u00e9s<br \/>\n\t\t<\/a><\/p>\n<h2>\u00c1rak<\/h2>\n<p>Az ingyenes konzult\u00e1ci\u00f3 alkalm\u00e1val igyekszem \u00e1tl\u00e1tni, hogy milyen feladatok kiszervez\u00e9s\u00e9vel tudom \u00d6nnek vagy v\u00e1llalkoz\u00e1s\u00e1nak megk\u00f6nny\u00edteni mindennapjait. Ez\u00e1ltal kider\u00fcl az is, hogy az adott feladat elv\u00e9gz\u00e9s\u00e9hez az \u00f3rad\u00edj vagy a projekt \u00e1r a megfelel\u0151.<\/p>\n<h3>\u00d3rad\u00edj<\/h3>\n<p> <!-- \/.obfx-title-wrapper -->7.000,-Ft\/\u00f3ra <!-- \/.obfx-price-wrapper --><\/p>\n<ul>\n<li>A virtu\u00e1lis asszisztens alap \u00f3rad\u00edja <\/li>\n<li>Id\u0151m\u00e9r\u0151 szoftver haszn\u00e1lat\u00e1val <\/li>\n<li>Perc alap\u00fa sz\u00e1ml\u00e1z\u00e1s <\/li>\n<\/ul>\n<p> <!-- \/.obfx-pricing-table-wrapper -->\t\t\t\t<\/p>\n<h3>Projekt \u00e1r<\/h3>\n<p> <!-- \/.obfx-title-wrapper -->Megegyez\u00e9s alapj\u00e1n <!-- \/.obfx-price-wrapper --><\/p>\n<ul>\n<li>Megbesz\u00e9l\u00e9s alapj\u00e1n <\/li>\n<li>Minden k\u00f6lts\u00e9get tartalmaz <\/li>\n<li>A feladat jelleg\u00e9t\u0151l f\u00fcgg <\/li>\n<\/ul>\n<p> <!-- \/.obfx-pricing-table-wrapper -->\t\t\t\t<\/p>\n<h2>Az \u00e1ltalam haszn\u00e1lt eszk\u00f6z\u00f6k<\/h2>\n<figure><img decoding=\"async\" src=\"http:\/\/onlinetitkar.hu\/wp-content\/uploads\/2025\/01\/2-1-150x150.png\" alt=\"2\" \/><\/figure>\n<figure><img decoding=\"async\" src=\"http:\/\/onlinetitkar.hu\/wp-content\/uploads\/2025\/01\/3-1-150x150.png\" alt=\"3\" \/><\/figure>\n<figure><img decoding=\"async\" src=\"http:\/\/onlinetitkar.hu\/wp-content\/uploads\/2025\/01\/4-1-150x150.png\" alt=\"4\" \/><\/figure>\n<figure><img decoding=\"async\" src=\"http:\/\/onlinetitkar.hu\/wp-content\/uploads\/2025\/01\/5-1-150x150.png\" alt=\"5\" \/><\/figure>\n<figure><img decoding=\"async\" src=\"http:\/\/onlinetitkar.hu\/wp-content\/uploads\/2025\/01\/6-1-150x150.png\" alt=\"6\" \/><\/figure>\n<figure><img decoding=\"async\" src=\"http:\/\/onlinetitkar.hu\/wp-content\/uploads\/2025\/01\/7-1-150x150.png\" alt=\"7\" \/><\/figure>\n<figure><img decoding=\"async\" src=\"http:\/\/onlinetitkar.hu\/wp-content\/uploads\/2025\/01\/8-1-150x150.png\" alt=\"8\" \/><\/figure>\n<p>\t\t\t\t\t\t<svg aria-hidden=\"true\" viewBox=\"0 0 1000 1000\" xmlns=\"http:\/\/www.w3.org\/2000\/svg\"><path d=\"M646 125C629 125 613 133 604 142L308 442C296 454 292 471 292 487 292 504 296 521 308 533L604 854C617 867 629 875 646 875 663 875 679 871 692 858 704 846 713 829 713 812 713 796 708 779 692 767L438 487 692 225C700 217 708 204 708 187 708 171 704 154 692 142 675 129 663 125 646 125Z\"><\/path><\/svg><br \/>\n\t\t\t\t\t\t<svg aria-hidden=\"true\" viewBox=\"0 0 1000 1000\" xmlns=\"http:\/\/www.w3.org\/2000\/svg\"><path d=\"M696 533C708 521 713 504 713 487 713 471 708 454 696 446L400 146C388 133 375 125 354 125 338 125 325 129 313 142 300 154 292 171 292 187 292 204 296 221 308 233L563 492 304 771C292 783 288 800 288 817 288 833 296 850 308 863 321 871 338 875 354 875 371 875 388 867 400 854L696 533Z\"><\/path><\/svg><\/p>\n","protected":false},"excerpt":{"rendered":"<p>Az apr\u00f3 l\u00e9p\u00e9sek hozz\u00e1k meg a nagy v\u00e1ltoz\u00e1sokat. \u00dcdv\u00f6zl\u00f6m az Online Titk\u00e1r weboldal\u00e1n! V\u00e1llalkoz\u00f3k\u00e9nt vagy mag\u00e1nemberk\u00e9nt ha t\u00e1mogat\u00e1sra van sz\u00fcks\u00e9ge a mindennapi feladatokban, akkor itt a helye! C\u00e9lom, hogy k\u00f6nnyebb\u00e9 tegyem az \u00e9let\u00e9t, \u00e9s seg\u00edtsek optimaliz\u00e1lni az idej\u00e9t, hogy t\u00f6bb energi\u00e1ja \u00e9s er\u0151forr\u00e1sa maradjon arra, amit igaz\u00e1n fontosnak tart. Igen, [&hellip;]<\/p>\n","protected":false},"author":1,"featured_media":0,"parent":0,"menu_order":0,"comment_status":"closed","ping_status":"closed","template":"elementor_canvas","meta":{"footnotes":""},"class_list":["post-650","page","type-page","status-publish","hentry"],"_hostinger_reach_plugin_has_subscription_block":false,"_hostinger_reach_plugin_is_elementor":false,"_links":{"self":[{"href":"https:\/\/onlinetitkar.hu\/index.php\/wp-json\/wp\/v2\/pages\/650","targetHints":{"allow":["GET"]}}],"collection":[{"href":"https:\/\/onlinetitkar.hu\/index.php\/wp-json\/wp\/v2\/pages"}],"about":[{"href":"https:\/\/onlinetitkar.hu\/index.php\/wp-json\/wp\/v2\/types\/page"}],"author":[{"embeddable":true,"href":"https:\/\/onlinetitkar.hu\/index.php\/wp-json\/wp\/v2\/users\/1"}],"replies":[{"embeddable":true,"href":"https:\/\/onlinetitkar.hu\/index.php\/wp-json\/wp\/v2\/comments?post=650"}],"version-history":[{"count":168,"href":"https:\/\/onlinetitkar.hu\/index.php\/wp-json\/wp\/v2\/pages\/650\/revisions"}],"predecessor-version":[{"id":1132,"href":"https:\/\/onlinetitkar.hu\/index.php\/wp-json\/wp\/v2\/pages\/650\/revisions\/1132"}],"wp:attachment":[{"href":"https:\/\/onlinetitkar.hu\/index.php\/wp-json\/wp\/v2\/media?parent=650"}],"curies":[{"name":"wp","href":"https:\/\/api.w.org\/{rel}","templated":true}]}}