{"id":11,"date":"2022-05-10T07:48:54","date_gmt":"2022-05-10T07:48:54","guid":{"rendered":"https:\/\/demosites.royal-elementor-addons.com\/pet-care-v1\/?page_id=11"},"modified":"2024-03-09T14:53:44","modified_gmt":"2024-03-09T14:53:44","slug":"reviews","status":"publish","type":"page","link":"https:\/\/onlinetitkar.hu\/index.php\/reviews\/","title":{"rendered":"Reviews"},"content":{"rendered":"<style>\/*! elementor - v3.19.0 - 28-02-2024 *\/\n.elementor-column .elementor-spacer-inner{height:var(--spacer-size)}.e-con{--container-widget-width:100%}.e-con-inner>.elementor-widget-spacer,.e-con>.elementor-widget-spacer{width:var(--container-widget-width,var(--spacer-size));--align-self:var(--container-widget-align-self,initial);--flex-shrink:0}.e-con-inner>.elementor-widget-spacer>.elementor-widget-container,.e-con>.elementor-widget-spacer>.elementor-widget-container{height:100%;width:100%}.e-con-inner>.elementor-widget-spacer>.elementor-widget-container>.elementor-spacer,.e-con>.elementor-widget-spacer>.elementor-widget-container>.elementor-spacer{height:100%}.e-con-inner>.elementor-widget-spacer>.elementor-widget-container>.elementor-spacer>.elementor-spacer-inner,.e-con>.elementor-widget-spacer>.elementor-widget-container>.elementor-spacer>.elementor-spacer-inner{height:var(--container-widget-height,var(--spacer-size))}.e-con-inner>.elementor-widget-spacer.elementor-widget-empty,.e-con>.elementor-widget-spacer.elementor-widget-empty{position:relative;min-height:22px;min-width:22px}.e-con-inner>.elementor-widget-spacer.elementor-widget-empty .elementor-widget-empty-icon,.e-con>.elementor-widget-spacer.elementor-widget-empty .elementor-widget-empty-icon{position:absolute;top:0;bottom:0;left:0;right:0;margin:auto;padding:0;width:22px;height:22px}<\/style>\n<form method=\"post\" name=\"New Form\" page=\"Reviews\" page_id=\"11\" novalidate>\n\t\t\t<input type=\"hidden\" name=\"post_id\" value=\"11\"\/><br \/>\n\t\t\t<input type=\"hidden\" name=\"form_id\" value=\"e150a75\"\/><br \/>\n\t\t\t<input type=\"hidden\" name=\"referer_title\" value=\"\" \/><br \/>\n\t\t\t\t\t\t\t\t\t\t\t\t\t\t<label for=\"form-field-name\"><br \/>\n\t\t\t\t\t\t\t\t\tN\u00e9v\t\t\t\t\t\t\t\t<\/label><br \/>\n\t\t\t\t\t\t\t<input size=\"1 \"type=\"text\" name=\"form_fields[name]\" id=\"form-field-name\" placeholder=\"N\u00e9v\"><br \/>\n\t\t\t\t\t\t\t\t\t\t\t\t\t\t<label for=\"form-field-email\"><br \/>\n\t\t\t\t\t\t\t\t\tEmail\t\t\t\t\t\t\t\t<\/label><br \/>\n\t\t\t\t\t\t\t<input size=\"1 \"type=\"email\" name=\"form_fields[email]\" id=\"form-field-email\" placeholder=\"Email\" required=\"required\" aria-required=\"true\"><br \/>\n\t\t\t\t\t\t\t\t\t\t\t\t\t\t<label for=\"form-field-message\"><br \/>\n\t\t\t\t\t\t\t\t\t\u00dczenet\t\t\t\t\t\t\t\t<\/label><br \/>\n\t\t\t\t\t\t\t<textarea name=\"form_fields[message]\" id=\"form-field-message\" rows=\"7\" placeholder=\"\u00dczenet\"><\/textarea><br \/>\n\t\t\t\t\t\t\t<button type=\"submit\"><br \/>\n\t\t\t\t\t\t\t\t\t\t\t\t\t\t\t\tK\u00fcld\u00e9s<br \/>\n\t\t\t<\/button><br \/>\n\t\t<\/form>\n","protected":false},"excerpt":{"rendered":"<p>N\u00e9v Email \u00dczenet K\u00fcld\u00e9s<\/p>\n","protected":false},"author":1,"featured_media":0,"parent":0,"menu_order":0,"comment_status":"closed","ping_status":"closed","template":"elementor_canvas","meta":{"footnotes":""},"class_list":["post-11","page","type-page","status-publish","hentry"],"_hostinger_reach_plugin_has_subscription_block":false,"_hostinger_reach_plugin_is_elementor":false,"_links":{"self":[{"href":"https:\/\/onlinetitkar.hu\/index.php\/wp-json\/wp\/v2\/pages\/11","targetHints":{"allow":["GET"]}}],"collection":[{"href":"https:\/\/onlinetitkar.hu\/index.php\/wp-json\/wp\/v2\/pages"}],"about":[{"href":"https:\/\/onlinetitkar.hu\/index.php\/wp-json\/wp\/v2\/types\/page"}],"author":[{"embeddable":true,"href":"https:\/\/onlinetitkar.hu\/index.php\/wp-json\/wp\/v2\/users\/1"}],"replies":[{"embeddable":true,"href":"https:\/\/onlinetitkar.hu\/index.php\/wp-json\/wp\/v2\/comments?post=11"}],"version-history":[{"count":3,"href":"https:\/\/onlinetitkar.hu\/index.php\/wp-json\/wp\/v2\/pages\/11\/revisions"}],"predecessor-version":[{"id":957,"href":"https:\/\/onlinetitkar.hu\/index.php\/wp-json\/wp\/v2\/pages\/11\/revisions\/957"}],"wp:attachment":[{"href":"https:\/\/onlinetitkar.hu\/index.php\/wp-json\/wp\/v2\/media?parent=11"}],"curies":[{"name":"wp","href":"https:\/\/api.w.org\/{rel}","templated":true}]}}